{"id":11626,"date":"2023-01-12T17:36:33","date_gmt":"2023-01-12T17:36:33","guid":{"rendered":"http:\/\/teste.ger-portugal.com\/?page_id=11626"},"modified":"2023-01-19T11:48:11","modified_gmt":"2023-01-19T11:48:11","slug":"doencas-da-retina-dmri","status":"publish","type":"page","link":"https:\/\/www.ger-portugal.com\/?page_id=11626","title":{"rendered":"DOEN\u00c7AS DA RETINA &#8211; DMRI"},"content":{"rendered":"<section class=\"wpb-content-wrapper\"><p>[vc_row][vc_column width=&#8221;1\/2&#8243;][vc_column_text]<\/p>\n<h4><b><span id=\"ContentPlaceHolder1_DataList_Informacoes_Lb_sinais_0\">SINAIS<\/span><\/b><\/h4>\n<h2><strong>O que \u00e9 a DMRI?<\/strong><\/h2>\n<p>Na DMRI existe uma les\u00e3o da m\u00e1cula, uma pequena \u00e1rea no fundo do olho que permite ver claramente pequenos detalhes. Quando a m\u00e1cula n\u00e3o funciona de maneira correta, o paciente n\u00e3o pode, por exemplo, ler, conduzir ou identificar corretamente uma face.[\/vc_column_text][\/vc_column][vc_column width=&#8221;1\/2&#8243;]<div class=\"grve-element grve-image grve-align-center\" style=\"\"><img loading=\"lazy\" decoding=\"async\" width=\"142\" height=\"142\" src=\"https:\/\/www.ger-portugal.com\/wp-content\/uploads\/2023\/01\/dmri-6.jpg\" class=\"grve-full-image attachment-full size-full\" alt=\"\" \/><\/div>[\/vc_column][\/vc_row][vc_row][vc_column][vc_column_text]Embora\u00a0a degeneresc\u00eancia macular da idade reduza a vis\u00e3o na parte central da retina, n\u00e3o prejudica a vis\u00e3o lateral, ou perif\u00e9rica do olho. O paciente pode ver o contorno de um rel\u00f3gio mas n\u00e3o consegue ver a hora.<br \/>\nA degeneresc\u00eancia macular da idade por si s\u00f3 n\u00e3o resulta em cegueira total, pois as pessoas continuam a ter vis\u00e3o perif\u00e9rica e a serem capazes capaz de cuidar de si.[\/vc_column_text][\/vc_column][\/vc_row][vc_row][vc_column width=&#8221;1\/2&#8243;]<div class=\"grve-element grve-image grve-align-center\" style=\"\"><img loading=\"lazy\" decoding=\"async\" width=\"153\" height=\"143\" src=\"https:\/\/www.ger-portugal.com\/wp-content\/uploads\/2023\/01\/dmri-3.jpg\" class=\"grve-full-image attachment-full size-full\" alt=\"\" \/><\/div>[\/vc_column][vc_column width=&#8221;1\/2&#8243;][vc_column_text]<\/p>\n<h4><b><span id=\"ContentPlaceHolder1_DataList_Informacoes_Lb_sintomas_0\">SINTOMAS<\/span><\/b><\/h4>\n<h2><strong>Quais s\u00e3o os sintomas DMRI?<\/strong><\/h2>\n<p>A DMI atr\u00f3fica ou seca\u00a0 pode ficar quase impercet\u00edvel para o paciente durante muitos anos ou pode mesmo nem originar sintomas. A forma exsudativa \u00e9 muito mais grave. O paciente pode notar as imagens distorcidas e perder a vis\u00e3o de leitura num dos olhos em poucos dias. Quando ambos os olhos est\u00e3o afetados a perda de vis\u00e3o central pode ser presenciada mais r\u00e1pido.<\/p>\n<h4><strong>Como \u00e9 que o paciente pode detectar a perda de vis\u00e3o?<\/strong><\/h4>\n<p>&#8211; no centro da vis\u00e3o aparece uma \u00e1rea escura ou vazia;<br \/>\n&#8211; as linhas rectas parecem tortas, como no diafragma abaixo:[\/vc_column_text][\/vc_column][\/vc_row][vc_row][vc_column][vc_column_text]<\/p>\n<h4><b><span id=\"ContentPlaceHolder1_DataList_Informacoes_Lb_fazer_0\">O QUE FAZER?<\/span><\/b><\/h4>\n<h2><strong>Como \u00e9 que \u00e9 tratada a DMRI?<\/strong><\/h2>\n<p>Apesar da pesquisa m\u00e9dica em curso, ainda n\u00e3o h\u00e1 nenhuma cura para a degeneresc\u00eancia macular seca nas suas formas intermedia e avan\u00e7ada (esta ultima chamada tamb\u00e9m de atrofia geogr\u00e1fica). N\u00e3o existe tratamento para as formas graves da DMI seca \u2013 a atrofia geogr\u00e1fica. Decorrem no entanto v\u00e1rios estudos para encontrar um tratamento eficaz. Os suplementos vitam\u00ednicos podem retardar a progress\u00e3o das formas intermedias da doen\u00e7a para a forma avan\u00e7ada exsudativa.<\/p>\n<p>A forma exsudativa ou h\u00famida da DMI pode ser tratada, com inje\u00e7\u00f5es intrav\u00edtreas de anti-angiog\u00e9nicos. Com estes tratamentos \u00e9 poss\u00edvel conservar ou melhorar a visao com\u00a0 que se inicia o tratamento em mais de 70% dos casos. \u00c9 por isso importante iniciar o tratamento o mais precocemente poss\u00edvel. Uma pessoa com mais de 50 anos que note distor\u00e7\u00e3o das imagens (na grelha de Amsler, por exemplo, , ao olhar para um papel quadriculado ou na observa\u00e7\u00e3o de objetos no dia a dia) deve recorrer ao seu oftalmologista o mais rapidamente poss\u00edvel.[\/vc_column_text][\/vc_column][\/vc_row]<\/p>\n<\/section>","protected":false},"excerpt":{"rendered":"<p>[vc_row][vc_column width=&#8221;1\/2&#8243;][vc_column_text] SINAIS O que \u00e9 a DMRI? Na DMRI existe uma les\u00e3o da m\u00e1cula, uma pequena \u00e1rea no fundo do olho que permite ver claramente pequenos detalhes. Quando a m\u00e1cula n\u00e3o funciona de maneira correta, o paciente n\u00e3o pode, por exemplo, ler, conduzir ou identificar corretamente uma face.[\/vc_column_text][\/vc_column][vc_column width=&#8221;1\/2&#8243;][\/vc_column][\/vc_row][vc_row][vc_column][vc_column_text]Embora\u00a0a degeneresc\u00eancia macular da idade reduza [&hellip;]<\/p>\n","protected":false},"author":1,"featured_media":0,"parent":0,"menu_order":0,"comment_status":"closed","ping_status":"closed","template":"","meta":{"footnotes":""},"class_list":["post-11626","page","type-page","status-publish","hentry"],"_links":{"self":[{"href":"https:\/\/www.ger-portugal.com\/index.php?rest_route=\/wp\/v2\/pages\/11626","targetHints":{"allow":["GET"]}}],"collection":[{"href":"https:\/\/www.ger-portugal.com\/index.php?rest_route=\/wp\/v2\/pages"}],"about":[{"href":"https:\/\/www.ger-portugal.com\/index.php?rest_route=\/wp\/v2\/types\/page"}],"author":[{"embeddable":true,"href":"https:\/\/www.ger-portugal.com\/index.php?rest_route=\/wp\/v2\/users\/1"}],"replies":[{"embeddable":true,"href":"https:\/\/www.ger-portugal.com\/index.php?rest_route=%2Fwp%2Fv2%2Fcomments&post=11626"}],"version-history":[{"count":3,"href":"https:\/\/www.ger-portugal.com\/index.php?rest_route=\/wp\/v2\/pages\/11626\/revisions"}],"predecessor-version":[{"id":11631,"href":"https:\/\/www.ger-portugal.com\/index.php?rest_route=\/wp\/v2\/pages\/11626\/revisions\/11631"}],"wp:attachment":[{"href":"https:\/\/www.ger-portugal.com\/index.php?rest_route=%2Fwp%2Fv2%2Fmedia&parent=11626"}],"curies":[{"name":"wp","href":"https:\/\/api.w.org\/{rel}","templated":true}]}}