{"id":11633,"date":"2023-01-12T17:43:23","date_gmt":"2023-01-12T17:43:23","guid":{"rendered":"http:\/\/teste.ger-portugal.com\/?page_id=11633"},"modified":"2023-01-19T11:49:06","modified_gmt":"2023-01-19T11:49:06","slug":"doencas-da-retina-retinopatia-diabetica","status":"publish","type":"page","link":"https:\/\/www.ger-portugal.com\/?page_id=11633","title":{"rendered":"DOEN\u00c7AS DA RETINA &#8211; RETINOPATIA DIAB\u00c9TICA"},"content":{"rendered":"<section class=\"wpb-content-wrapper\"><p>[vc_row][vc_column width=&#8221;1\/2&#8243;][vc_column_text]<\/p>\n<h4><b><span id=\"ContentPlaceHolder1_DataList_Informacoes_Lb_sinais_0\">SINAIS<\/span><\/b><\/h4>\n<h2><strong>O que \u00e9 a retinopatia diab\u00e9tica?<\/strong><\/h2>\n<p>A retinopatia diab\u00e9tica \u00e9 um problema ocular que afeta os doentes com diabetes, e que pode levar a perdas de vis\u00e3o ou mesmo cegueira. \u00c9 mais comum em doentes que n\u00e3o controlam os seus n\u00edveis de a\u00e7\u00facar no sangue (glicemia).<\/p>\n<p>Esta doen\u00e7a \u00e9 provocada por altera\u00e7\u00f5es nos vasos sangu\u00edneos de uma parte do olho chamada retina. Os vasos alterados deixam sair l\u00edquido e sangue para a retina levando \u00e0 diminui\u00e7\u00e3o da vis\u00e3o. Em alguns casos desenvolvem-se ainda vasos anormais na retina, os quais s\u00e3o muito fr\u00e1geis e sangram facilmente causando les\u00e3o e perdas de vis\u00e3o.[\/vc_column_text][\/vc_column][vc_column width=&#8221;1\/2&#8243;]<div class=\"grve-element grve-image grve-align-center\" style=\"\"><img loading=\"lazy\" decoding=\"async\" width=\"336\" height=\"272\" src=\"https:\/\/www.ger-portugal.com\/wp-content\/uploads\/2023\/01\/retinopatia-diabetica-1.jpg\" class=\"grve-full-image attachment-full size-full\" alt=\"\" srcset=\"https:\/\/www.ger-portugal.com\/wp-content\/uploads\/2023\/01\/retinopatia-diabetica-1.jpg 336w, https:\/\/www.ger-portugal.com\/wp-content\/uploads\/2023\/01\/retinopatia-diabetica-1-300x243.jpg 300w\" sizes=\"auto, (max-width: 336px) 100vw, 336px\" \/><\/div>[\/vc_column][\/vc_row][vc_row][vc_column width=&#8221;1\/2&#8243;][vc_column_text]<\/p>\n<h2><b><span id=\"ContentPlaceHolder1_DataList_Informacoes_Lb_sintomas_0\">SINTOMAS<\/span><\/b><\/h2>\n<p>A maioria dos doentes com retinopatia diab\u00e9tica n\u00e3o sente nenhuma altera\u00e7\u00e3o at\u00e9 a doen\u00e7a j\u00e1 estar muito avan\u00e7ada, sendo muitas vezes tarde demais para recuperar a vis\u00e3o perdida. A doen\u00e7a evolui de forma silenciosa e o doente n\u00e3o se apercebe do risco que corre. Por esta raz\u00e3o \u00e9 muito importante fazer o rastreio para esta doen\u00e7a, permitindo deste modo que o seu m\u00e9dico tome as medidas necess\u00e1rias para evitar que a doen\u00e7a avance e que a sua vis\u00e3o seja afetada.<\/p>\n<h4><strong>Quando os sintomas se iniciam, estes podem incluir:<\/strong><\/h4>\n<p>&#8211; Vis\u00e3o turva. Pode notar maior dificuldade a ler ou a conduzir, e pode come\u00e7ar a sentir dificuldade em reconhecer as pessoas.<\/p>\n<p>&#8211; Pontos negros ou flutuantes no campo de vis\u00e3o (moscas ou teias de aranha).<\/p>\n<p>&#8211; Flashes de luzes.<\/p>\n<p>&#8211; Perda s\u00fabita da vis\u00e3o.[\/vc_column_text][\/vc_column][vc_column width=&#8221;1\/2&#8243;][vc_column_text]<\/p>\n<h4><b><span id=\"ContentPlaceHolder1_DataList_Informacoes_Lb_fazer_0\">O QUE FAZER?<\/span><\/b><\/h4>\n<h4><strong>Existe algum teste para rastreio da retinopatia diab\u00e9tica?<\/strong><\/h4>\n<p>Sim. O seu m\u00e9dico Oftalmologistapode fazer alguns exames que lhe permitir\u00e3o ver se tem ou n\u00e3o retinopatia diab\u00e9tica, como por exemplo:<\/p>\n<p>&#8211; Exame de olho dilatado: Para realizar este exame o seu m\u00e9dico coloca umas gotas no seu olho. Estas v\u00e3o permitir abrir as suas pupilas, fazendo com que seja mais f\u00e1cil ver o interior do olho.<\/p>\n<p>&#8211; Fotografia da retina: Este teste consiste em tirar uma foto ao interior do seu olho com uma c\u00e2mara especial. Estas imagens s\u00e3o depois observadas pelo seu m\u00e9dico que avalia se existem ou n\u00e3o altera\u00e7\u00f5es.<\/p>\n<p>Se algum destes exames mostrar altera\u00e7\u00f5es, o seu m\u00e9dico oftalmologista pode sugerir que realize outros exames.[\/vc_column_text][\/vc_column][\/vc_row][vc_row][vc_column][vc_column_text]<\/p>\n<h2><strong>Quando devo procurar o m\u00e9dico oftalmologista?<\/strong><\/h2>\n<p>Todos os doentes com diabetes devem fazer anualmente um exame ocular para rastreio de retinopatia diab\u00e9tica. Os doentes com diabetes tipo 1 devem come\u00e7ar o rastreio anual 3 a 5 anos depois do diagn\u00f3stico. Doentes com diabetes tipo 2 devem come\u00e7ar os exames anuais logo ap\u00f3s o diagn\u00f3stico.<\/p>\n<p>No entanto, sempre que note alguma altera\u00e7\u00f5es da sua vis\u00e3o deve procurar o seu m\u00e9dico oftalmologista o mais rapidamente poss\u00edvel.[\/vc_column_text][\/vc_column][\/vc_row]<\/p>\n<\/section>","protected":false},"excerpt":{"rendered":"<p>[vc_row][vc_column width=&#8221;1\/2&#8243;][vc_column_text] SINAIS O que \u00e9 a retinopatia diab\u00e9tica? A retinopatia diab\u00e9tica \u00e9 um problema ocular que afeta os doentes com diabetes, e que pode levar a perdas de vis\u00e3o ou mesmo cegueira. \u00c9 mais comum em doentes que n\u00e3o controlam os seus n\u00edveis de a\u00e7\u00facar no sangue (glicemia). Esta doen\u00e7a \u00e9 provocada por altera\u00e7\u00f5es [&hellip;]<\/p>\n","protected":false},"author":1,"featured_media":0,"parent":0,"menu_order":0,"comment_status":"closed","ping_status":"closed","template":"","meta":{"footnotes":""},"class_list":["post-11633","page","type-page","status-publish","hentry"],"_links":{"self":[{"href":"https:\/\/www.ger-portugal.com\/index.php?rest_route=\/wp\/v2\/pages\/11633","targetHints":{"allow":["GET"]}}],"collection":[{"href":"https:\/\/www.ger-portugal.com\/index.php?rest_route=\/wp\/v2\/pages"}],"about":[{"href":"https:\/\/www.ger-portugal.com\/index.php?rest_route=\/wp\/v2\/types\/page"}],"author":[{"embeddable":true,"href":"https:\/\/www.ger-portugal.com\/index.php?rest_route=\/wp\/v2\/users\/1"}],"replies":[{"embeddable":true,"href":"https:\/\/www.ger-portugal.com\/index.php?rest_route=%2Fwp%2Fv2%2Fcomments&post=11633"}],"version-history":[{"count":3,"href":"https:\/\/www.ger-portugal.com\/index.php?rest_route=\/wp\/v2\/pages\/11633\/revisions"}],"predecessor-version":[{"id":11637,"href":"https:\/\/www.ger-portugal.com\/index.php?rest_route=\/wp\/v2\/pages\/11633\/revisions\/11637"}],"wp:attachment":[{"href":"https:\/\/www.ger-portugal.com\/index.php?rest_route=%2Fwp%2Fv2%2Fmedia&parent=11633"}],"curies":[{"name":"wp","href":"https:\/\/api.w.org\/{rel}","templated":true}]}}