{"id":12040,"date":"2023-03-17T09:35:36","date_gmt":"2023-03-17T09:35:36","guid":{"rendered":"https:\/\/www.ger-portugal.com\/?page_id=12040"},"modified":"2024-03-21T15:01:28","modified_gmt":"2024-03-21T15:01:28","slug":"7a-reuniao-cientifica-do-ger","status":"publish","type":"page","link":"https:\/\/www.ger-portugal.com\/?page_id=12040","title":{"rendered":"7\u00aa Reuni\u00e3o Cientifica do GER"},"content":{"rendered":"<section class=\"wpb-content-wrapper\"><p>[vc_row disable_element=&#8221;yes&#8221; padding_top=&#8221;10%&#8221;][vc_column width=&#8221;1\/3&#8243;][vc_custom_heading text=&#8221;REUNI\u00c3O CIENT\u00cdFICA GER&#8221; font_container=&#8221;tag:h6|text_align:left&#8221; use_theme_fonts=&#8221;yes&#8221;]<div class=\"grve-element grve-video\" style=\"\"><iframe loading=\"lazy\" title=\"Reuni\u00e3o GER \u201cDe Olho na Diabetes\u201d\" width=\"1080\" height=\"608\" src=\"https:\/\/www.youtube.com\/embed\/NN3gCnCDVMA?feature=oembed\" frameborder=\"0\" allow=\"accelerometer; autoplay; clipboard-write; encrypted-media; gyroscope; picture-in-picture; web-share\" allowfullscreen><\/iframe><\/div>[\/vc_column][vc_column width=&#8221;1\/3&#8243;][\/vc_column][vc_column width=&#8221;1\/3&#8243;][\/vc_column][\/vc_row][vc_row padding_top=&#8221;5%&#8221;][vc_column][vc_custom_heading text=&#8221;7\u00aa Reuni\u00e3o Cient\u00edfica do GER&#8221; use_theme_fonts=&#8221;yes&#8221;][\/vc_column][\/vc_row][vc_row][vc_column][vc_custom_heading text=&#8221;Dia 24&#8243; font_container=&#8221;tag:h4|text_align:left|color:%23dd9933&#8243; use_theme_fonts=&#8221;yes&#8221;][\/vc_column][\/vc_row][vc_row][vc_column width=&#8221;1\/3&#8243;][vc_custom_heading text=&#8221;14h00_14h50_ESPA\u00c7O GER-GPRV_V\u00cdDEOS CIR\u00daRGICOS&#8221; font_container=&#8221;tag:h6|text_align:left&#8221; use_theme_fonts=&#8221;yes&#8221;]<div class=\"grve-element grve-video\" style=\"\"><iframe loading=\"lazy\" title=\"Dia24_14h00_14h50_ESPA&amp;Ccedil;O GER-GPRV_V&amp;Iacute;DEOS CIR&amp;Uacute;RGICOS\" src=\"https:\/\/player.vimeo.com\/video\/805043582?h=e9f14066f2&amp;dnt=1&amp;app_id=122963\" width=\"1080\" height=\"608\" frameborder=\"0\" allow=\"autoplay; fullscreen; picture-in-picture\" allowfullscreen><\/iframe><\/div>[vc_custom_heading text=&#8221;14h45_15h15_CONFER\u00caNCIA&#8221; font_container=&#8221;tag:h6|text_align:left&#8221; use_theme_fonts=&#8221;yes&#8221;]<div class=\"grve-element grve-video\" style=\"\"><iframe loading=\"lazy\" title=\"Dia24_14h45_15h15_CONFER&amp;Ecirc;NCIA\" src=\"https:\/\/player.vimeo.com\/video\/805044193?h=243e852651&amp;dnt=1&amp;app_id=122963\" width=\"1080\" height=\"608\" frameborder=\"0\" allow=\"autoplay; fullscreen; picture-in-picture\" allowfullscreen><\/iframe><\/div>[vc_custom_heading text=&#8221;15h15_16h00_ESPA\u00c7O GER-GPRV&#8221; font_container=&#8221;tag:h6|text_align:left&#8221; use_theme_fonts=&#8221;yes&#8221;]<div class=\"grve-element grve-video\" style=\"\"><iframe loading=\"lazy\" title=\"Dia24_15h15_16h00_ESPA&amp;Ccedil;O GER-GPRV\" src=\"https:\/\/player.vimeo.com\/video\/805044639?h=d18b7f1a5c&amp;dnt=1&amp;app_id=122963\" width=\"1080\" height=\"608\" frameborder=\"0\" allow=\"autoplay; fullscreen; picture-in-picture\" allowfullscreen><\/iframe><\/div>[\/vc_column][vc_column width=&#8221;1\/3&#8243;][vc_custom_heading text=&#8221;16h00_16h45_SIMP\u00d3SIO-NOVARTIS&#8221; font_container=&#8221;tag:h6|text_align:left&#8221; use_theme_fonts=&#8221;yes&#8221;]<div class=\"grve-element grve-video\" style=\"\"><iframe loading=\"lazy\" title=\"Dia24_16h00_16h45_SIMP&amp;Oacute;SIO-NOVARTIS\" src=\"https:\/\/player.vimeo.com\/video\/805045182?h=653ed5aa24&amp;dnt=1&amp;app_id=122963\" width=\"1080\" height=\"608\" frameborder=\"0\" allow=\"autoplay; fullscreen; picture-in-picture\" allowfullscreen><\/iframe><\/div>[vc_custom_heading text=&#8221;17h00_17h30_BASE DE DADOS RETINA.PT E BOLSA DE INVESTIGA\u00c7\u00c3O GER&#8221; font_container=&#8221;tag:h6|text_align:left&#8221; use_theme_fonts=&#8221;yes&#8221;]<div class=\"grve-element grve-video\" style=\"\"><iframe loading=\"lazy\" title=\"Dia24_17h00_17h30_BASE DE DADOS RETINA.PT E BOLSA DE INVESTIGA&amp;Ccedil;&amp;Atilde;O GER\" src=\"https:\/\/player.vimeo.com\/video\/805045746?h=29b5db98a7&amp;dnt=1&amp;app_id=122963\" width=\"1080\" height=\"608\" frameborder=\"0\" allow=\"autoplay; fullscreen; picture-in-picture\" allowfullscreen><\/iframe><\/div>[\/vc_column][vc_column width=&#8221;1\/3&#8243;][vc_custom_heading text=&#8221;17h30_18h00_CONFER\u00caNCIA&#8221; font_container=&#8221;tag:h6|text_align:left&#8221; use_theme_fonts=&#8221;yes&#8221;]<div class=\"grve-element grve-video\" style=\"\"><iframe loading=\"lazy\" title=\"Dia24_17h30_18h00_CONFER&amp;Ecirc;NCIA\" src=\"https:\/\/player.vimeo.com\/video\/805046146?h=bd8792c4db&amp;dnt=1&amp;app_id=122963\" width=\"1080\" height=\"608\" frameborder=\"0\" allow=\"autoplay; fullscreen; picture-in-picture\" allowfullscreen><\/iframe><\/div>[vc_custom_heading text=&#8221;18h00_19h00_GER EM DEBATE RETINA CIR\u00daRGICA_4 CASOS, 8 ABORDAGENs&#8221; font_container=&#8221;tag:h6|text_align:left&#8221; use_theme_fonts=&#8221;yes&#8221;]<div class=\"grve-element grve-video\" style=\"\"><iframe loading=\"lazy\" title=\"Dia24_18h00_19h00_GER EM DEBATE RETINA CIR&amp;Uacute;RGICA_4 CASOS, 8 ABORDAGENS\" src=\"https:\/\/player.vimeo.com\/video\/805046655?h=d50a888e14&amp;dnt=1&amp;app_id=122963\" width=\"1080\" height=\"608\" frameborder=\"0\" allow=\"autoplay; fullscreen; picture-in-picture\" allowfullscreen><\/iframe><\/div>[\/vc_column][\/vc_row][vc_row][vc_column][vc_custom_heading text=&#8221;Dia 25&#8243; font_container=&#8221;tag:h4|text_align:left|color:%23dd9933&#8243; use_theme_fonts=&#8221;yes&#8221;][\/vc_column][\/vc_row][vc_row][vc_column width=&#8221;1\/3&#8243;][vc_custom_heading text=&#8221;08h45_10h15_GER UPDATE&#8221; font_container=&#8221;tag:h6|text_align:left&#8221; use_theme_fonts=&#8221;yes&#8221;]<div class=\"grve-element grve-video\" style=\"\"><iframe loading=\"lazy\" title=\"Dia25_08h45_10h15_GER UPDATE\" src=\"https:\/\/player.vimeo.com\/video\/805047393?h=d0b26df365&amp;dnt=1&amp;app_id=122963\" width=\"1080\" height=\"608\" frameborder=\"0\" allow=\"autoplay; fullscreen; picture-in-picture\" allowfullscreen><\/iframe><\/div>[vc_custom_heading text=&#8221;10h15_11h00_SIMP\u00d3SIO_ABBVIE&#8221; font_container=&#8221;tag:h6|text_align:left&#8221; use_theme_fonts=&#8221;yes&#8221;]<div class=\"grve-element grve-video\" style=\"\"><iframe loading=\"lazy\" title=\"Dia25_10h15_11h00_SIMP&amp;Oacute;SIO_ABBVIE\" src=\"https:\/\/player.vimeo.com\/video\/805464618?h=be11f6b3da&amp;dnt=1&amp;app_id=122963\" width=\"1080\" height=\"608\" frameborder=\"0\" allow=\"autoplay; fullscreen; picture-in-picture\" allowfullscreen><\/iframe><\/div>[\/vc_column][vc_column width=&#8221;1\/3&#8243;][vc_custom_heading text=&#8221;11h20_11h50_SESS\u00c3O DE ABERTURA&#8221; font_container=&#8221;tag:h6|text_align:left&#8221; use_theme_fonts=&#8221;yes&#8221;]<div class=\"grve-element grve-video\" style=\"\"><iframe loading=\"lazy\" title=\"Dia25_11h20_11h50_SESS&amp;Atilde;O DE ABERTURA\" src=\"https:\/\/player.vimeo.com\/video\/805048688?h=3e51b05bee&amp;dnt=1&amp;app_id=122963\" width=\"1080\" height=\"608\" frameborder=\"0\" allow=\"autoplay; fullscreen; picture-in-picture\" allowfullscreen><\/iframe><\/div>[vc_custom_heading text=&#8221;11h50_12h20_FORMA\u00c7\u00c3O EM RETINA M\u00c9DICA GER-SPO E INQU\u00c9RITO GER&#8221; font_container=&#8221;tag:h6|text_align:left&#8221; use_theme_fonts=&#8221;yes&#8221;]<div class=\"grve-element grve-video\" style=\"\"><iframe loading=\"lazy\" title=\"Dia25_11h50_12h20_CURSO DE FORMA&amp;Ccedil;&amp;Atilde;O EM RETINA M&amp;Eacute;DICA GER-SPO E INQU&amp;Eacute;RITO GER\" src=\"https:\/\/player.vimeo.com\/video\/805049101?h=dab3c407c8&amp;dnt=1&amp;app_id=122963\" width=\"1080\" height=\"608\" frameborder=\"0\" allow=\"autoplay; fullscreen; picture-in-picture\" allowfullscreen><\/iframe><\/div>[\/vc_column][vc_column width=&#8221;1\/3&#8243;][vc_custom_heading text=&#8221;12h20_13h05_SIMP\u00d3SIO_BAYER&#8221; font_container=&#8221;tag:h6|text_align:left&#8221; use_theme_fonts=&#8221;yes&#8221;]<div class=\"grve-element grve-video\" style=\"\"><iframe loading=\"lazy\" title=\"Dia25_12h20_13h05_SIMP&amp;Oacute;SIO_BAYER\" src=\"https:\/\/player.vimeo.com\/video\/805049388?h=d820f2bde3&amp;dnt=1&amp;app_id=122963\" width=\"1080\" height=\"608\" frameborder=\"0\" allow=\"autoplay; fullscreen; picture-in-picture\" allowfullscreen><\/iframe><\/div>[vc_custom_heading text=&#8221;14h15_15h00_SIMP\u00d3SIO_ROCHE&#8221; font_container=&#8221;tag:h6|text_align:left&#8221; use_theme_fonts=&#8221;yes&#8221;]<div class=\"grve-element grve-video\" style=\"\"><iframe loading=\"lazy\" title=\"Dia25_14h15_15h00_SIMP&amp;Oacute;SIO_ROCHE\" src=\"https:\/\/player.vimeo.com\/video\/805050123?h=2d2af03689&amp;dnt=1&amp;app_id=122963\" width=\"1080\" height=\"608\" frameborder=\"0\" allow=\"autoplay; fullscreen; picture-in-picture\" allowfullscreen><\/iframe><\/div>[\/vc_column][\/vc_row][vc_row][vc_column width=&#8221;1\/3&#8243;][vc_custom_heading text=&#8221;15h00_15h30_CONFER\u00caNCIA&#8221; font_container=&#8221;tag:h6|text_align:left&#8221; use_theme_fonts=&#8221;yes&#8221;]<div class=\"grve-element grve-video\" style=\"\"><iframe loading=\"lazy\" title=\"Dia25_15h00_15h30_CONFER&amp;Ecirc;NCIA\" src=\"https:\/\/player.vimeo.com\/video\/805050729?h=da20f33b4a&amp;dnt=1&amp;app_id=122963\" width=\"1080\" height=\"608\" frameborder=\"0\" allow=\"autoplay; fullscreen; picture-in-picture\" allowfullscreen><\/iframe><\/div>[vc_custom_heading text=&#8221;15h30_16h15_SIMP\u00d3SIO_ALIMERA&#8221; font_container=&#8221;tag:h6|text_align:left&#8221; use_theme_fonts=&#8221;yes&#8221;]<div class=\"grve-element grve-video\" style=\"\"><iframe loading=\"lazy\" title=\"Dia25_15h30_16h15_SIMP&amp;Oacute;SIO_ALIMERA\" src=\"https:\/\/player.vimeo.com\/video\/805051287?h=1497409bd1&amp;dnt=1&amp;app_id=122963\" width=\"1080\" height=\"608\" frameborder=\"0\" allow=\"autoplay; fullscreen; picture-in-picture\" allowfullscreen><\/iframe><\/div>[\/vc_column][vc_column width=&#8221;1\/3&#8243;][vc_custom_heading text=&#8221;16h40_17h40_GER EM DEBATE RETINA M\u00c9DICA_4 CASOS, 8 ABORDAGENS&#8221; font_container=&#8221;tag:h6|text_align:left&#8221; use_theme_fonts=&#8221;yes&#8221;]<div class=\"grve-element grve-video\" style=\"\"><iframe loading=\"lazy\" title=\"Dia25_16h40_17h40_GER EM DEBATE RETINA M&amp;Eacute;DICA_4 CASOS, 8 ABORDAGENS\" src=\"https:\/\/player.vimeo.com\/video\/805052099?h=63f9995355&amp;dnt=1&amp;app_id=122963\" width=\"1080\" height=\"608\" frameborder=\"0\" allow=\"autoplay; fullscreen; picture-in-picture\" allowfullscreen><\/iframe><\/div>[\/vc_column][vc_column width=&#8221;1\/3&#8243;][vc_custom_heading text=&#8221;17h40_18h40_APRESENTA\u00c7\u00c3O DE POSTERS E ENTREGA DE PR\u00c9MIOS_ENCERRAMENTO&#8221; font_container=&#8221;tag:h6|text_align:left&#8221; use_theme_fonts=&#8221;yes&#8221;]<div class=\"grve-element grve-video\" style=\"\"><iframe loading=\"lazy\" title=\"Dia25_17h40_18h40_APRESENTA&amp;Ccedil;&amp;Atilde;O DE POSTERS E ENTREGA DE PR&amp;Eacute;MIOS_ENCERRAMENTO\" src=\"https:\/\/player.vimeo.com\/video\/805043141?h=d7a994402b&amp;dnt=1&amp;app_id=122963\" width=\"1080\" height=\"608\" frameborder=\"0\" allow=\"autoplay; fullscreen; picture-in-picture\" allowfullscreen><\/iframe><\/div>[\/vc_column][\/vc_row]<\/p>\n<\/section>","protected":false},"excerpt":{"rendered":"<p>[vc_row disable_element=&#8221;yes&#8221; padding_top=&#8221;10%&#8221;][vc_column width=&#8221;1\/3&#8243;][vc_custom_heading text=&#8221;REUNI\u00c3O CIENT\u00cdFICA GER&#8221; font_container=&#8221;tag:h6|text_align:left&#8221; use_theme_fonts=&#8221;yes&#8221;][\/vc_column][vc_column width=&#8221;1\/3&#8243;][\/vc_column][vc_column width=&#8221;1\/3&#8243;][\/vc_column][\/vc_row][vc_row padding_top=&#8221;5%&#8221;][vc_column][vc_custom_heading text=&#8221;7\u00aa Reuni\u00e3o Cient\u00edfica do GER&#8221; use_theme_fonts=&#8221;yes&#8221;][\/vc_column][\/vc_row][vc_row][vc_column][vc_custom_heading text=&#8221;Dia 24&#8243; font_container=&#8221;tag:h4|text_align:left|color:%23dd9933&#8243; use_theme_fonts=&#8221;yes&#8221;][\/vc_column][\/vc_row][vc_row][vc_column width=&#8221;1\/3&#8243;][vc_custom_heading text=&#8221;14h00_14h50_ESPA\u00c7O GER-GPRV_V\u00cdDEOS CIR\u00daRGICOS&#8221; font_container=&#8221;tag:h6|text_align:left&#8221; use_theme_fonts=&#8221;yes&#8221;][vc_custom_heading text=&#8221;14h45_15h15_CONFER\u00caNCIA&#8221; font_container=&#8221;tag:h6|text_align:left&#8221; use_theme_fonts=&#8221;yes&#8221;][vc_custom_heading text=&#8221;15h15_16h00_ESPA\u00c7O GER-GPRV&#8221; font_container=&#8221;tag:h6|text_align:left&#8221; use_theme_fonts=&#8221;yes&#8221;][\/vc_column][vc_column width=&#8221;1\/3&#8243;][vc_custom_heading text=&#8221;16h00_16h45_SIMP\u00d3SIO-NOVARTIS&#8221; font_container=&#8221;tag:h6|text_align:left&#8221; use_theme_fonts=&#8221;yes&#8221;][vc_custom_heading text=&#8221;17h00_17h30_BASE DE DADOS RETINA.PT E BOLSA DE INVESTIGA\u00c7\u00c3O GER&#8221; font_container=&#8221;tag:h6|text_align:left&#8221; use_theme_fonts=&#8221;yes&#8221;][\/vc_column][vc_column width=&#8221;1\/3&#8243;][vc_custom_heading text=&#8221;17h30_18h00_CONFER\u00caNCIA&#8221; font_container=&#8221;tag:h6|text_align:left&#8221; use_theme_fonts=&#8221;yes&#8221;][vc_custom_heading text=&#8221;18h00_19h00_GER [&hellip;]<\/p>\n","protected":false},"author":1,"featured_media":0,"parent":0,"menu_order":0,"comment_status":"closed","ping_status":"closed","template":"","meta":{"footnotes":""},"class_list":["post-12040","page","type-page","status-publish","hentry"],"_links":{"self":[{"href":"https:\/\/www.ger-portugal.com\/index.php?rest_route=\/wp\/v2\/pages\/12040","targetHints":{"allow":["GET"]}}],"collection":[{"href":"https:\/\/www.ger-portugal.com\/index.php?rest_route=\/wp\/v2\/pages"}],"about":[{"href":"https:\/\/www.ger-portugal.com\/index.php?rest_route=\/wp\/v2\/types\/page"}],"author":[{"embeddable":true,"href":"https:\/\/www.ger-portugal.com\/index.php?rest_route=\/wp\/v2\/users\/1"}],"replies":[{"embeddable":true,"href":"https:\/\/www.ger-portugal.com\/index.php?rest_route=%2Fwp%2Fv2%2Fcomments&post=12040"}],"version-history":[{"count":16,"href":"https:\/\/www.ger-portugal.com\/index.php?rest_route=\/wp\/v2\/pages\/12040\/revisions"}],"predecessor-version":[{"id":12313,"href":"https:\/\/www.ger-portugal.com\/index.php?rest_route=\/wp\/v2\/pages\/12040\/revisions\/12313"}],"wp:attachment":[{"href":"https:\/\/www.ger-portugal.com\/index.php?rest_route=%2Fwp%2Fv2%2Fmedia&parent=12040"}],"curies":[{"name":"wp","href":"https:\/\/api.w.org\/{rel}","templated":true}]}}