{"id":7644,"date":"2016-01-22T00:39:56","date_gmt":"2016-01-22T00:39:56","guid":{"rendered":"http:\/\/teste.ger-portugal.com\/index.php\/about-us-i\/"},"modified":"2024-04-22T08:44:58","modified_gmt":"2024-04-22T08:44:58","slug":"quem-somos-2","status":"publish","type":"page","link":"https:\/\/www.ger-portugal.com\/?page_id=7644","title":{"rendered":"QUEM SOMOS"},"content":{"rendered":"<section class=\"wpb-content-wrapper\"><p>[vc_row][vc_column]\n\t\t\t<!-- START quem somos REVOLUTION SLIDER 6.6.5 --><p class=\"rs-p-wp-fix\"><\/p>\n\t\t\t<rs-module-wrap id=\"rev_slider_5_1_wrapper\" data-source=\"gallery\" style=\"visibility:hidden;background:transparent;padding:0;margin:0px auto;margin-top:0;margin-bottom:0;\">\n\t\t\t\t<rs-module id=\"rev_slider_5_1\" style=\"\" data-version=\"6.6.5\">\n\t\t\t\t\t<rs-slides style=\"overflow: hidden; position: absolute;\">\n\t\t\t\t\t\t<rs-slide style=\"position: absolute;\" data-key=\"rs-9\" data-title=\"Slide\" data-in=\"o:0;\" data-out=\"a:false;\">\n\t\t\t\t\t\t\t<img decoding=\"async\" src=\"\/\/www.ger-portugal.com\/wp-content\/plugins\/revslider\/public\/assets\/assets\/dummy.png\" alt=\"\" title=\"quem-somos\" width=\"1200\" height=\"419\" class=\"rev-slidebg tp-rs-img rs-lazyload\" data-lazyload=\"\/\/www.ger-portugal.com\/wp-content\/uploads\/2023\/01\/quem-somos.png\" data-no-retina>\n<!---->\t\t\t\t\t\t<\/rs-slide>\n\t\t\t\t\t<\/rs-slides>\n\t\t\t\t<\/rs-module>\n\t\t\t\t<script>\n\t\t\t\t\tsetREVStartSize({c: 'rev_slider_5_1',rl:[1240,1024,778,480],el:[419],gw:[1200],gh:[419],type:'standard',justify:'',layout:'fullwidth',mh:\"0\"});if (window.RS_MODULES!==undefined && window.RS_MODULES.modules!==undefined && window.RS_MODULES.modules[\"revslider51\"]!==undefined) {window.RS_MODULES.modules[\"revslider51\"].once = false;window.revapi5 = undefined;if (window.RS_MODULES.checkMinimal!==undefined) window.RS_MODULES.checkMinimal()}\n\t\t\t\t<\/script>\n\t\t\t<\/rs-module-wrap>\n\t\t\t<!-- END REVOLUTION SLIDER -->\n[\/vc_column][\/vc_row][vc_row header_feature=&#8221;yes&#8221; equal_column_height=&#8221;middle-content&#8221; padding_bottom=&#8221;60&#8243; padding_top=&#8221;120&#8243;][vc_column tablet_sm_width=&#8221;1&#8243;][vc_custom_heading text=&#8221;GER &#8211; GRUPO DE ESTUDOS DA RETINA&#8221; font_container=&#8221;tag:h4|text_align:left&#8221; use_theme_fonts=&#8221;yes&#8221;][vc_custom_heading text=&#8221;\u00d3RG\u00c3OS DIRECTIVOS DO GER&#8221; use_theme_fonts=&#8221;yes&#8221;][\/vc_column][\/vc_row][vc_row bg_type=&#8221;color&#8221; bg_color=&#8221;#f7f7f7&#8243; margin_bottom=&#8221;0&#8243; padding_top=&#8221;30&#8243;][vc_column width=&#8221;1\/2&#8243; tablet_sm_width=&#8221;1&#8243;][vc_column_text]<\/p>\n<h4><strong>Dire\u00e7\u00e3o:<\/strong><\/h4>\n<p>Presidente: Jo\u00e3o Pereira Figueira<br \/>\nSecret\u00e1rio: Jo\u00e3o Nascimento<br \/>\nSecret\u00e1ria Adjunta: Maria Jo\u00e3o Furtado<br \/>\nTesoureiro:\u00a0Jo\u00e3o Pedro Marques<br \/>\n1\u00ba Vogal: Manuel Falc\u00e3o<br \/>\n2\u00ba Vogal: In\u00eas Leal[\/vc_column_text][\/vc_column][vc_column width=&#8221;1\/2&#8243; tablet_sm_width=&#8221;1-2&#8243;][vc_column_text]<\/p>\n<h4><strong>Mesa da Assembleia Geral:<\/strong><\/h4>\n<p>Presidente: Jos\u00e9 Henriques<br \/>\n1\u00ba Secret\u00e1rio: Carla Teixeira<br \/>\n2\u00aa Secret\u00e1ria: Luisa Vieira<\/p>\n<h4><strong>Conselho fiscal:<\/strong><\/h4>\n<p>Presidente: Victor \u00c1goas<br \/>\n1\u00ba Secret\u00e1rio: Ana Ferreira<br \/>\n2\u00aa Secret\u00e1ria: Keissy Sousa[\/vc_column_text][\/vc_column][\/vc_row][vc_row disable_element=&#8221;yes&#8221; bg_type=&#8221;color&#8221; equal_column_height=&#8221;middle-content&#8221; bg_color=&#8221;#f7f7f7&#8243; margin_bottom=&#8221;0&#8243; padding_top=&#8221;60&#8243; padding_bottom=&#8221;60&#8243;][vc_column tablet_sm_width=&#8221;1&#8243;][vc_column_text]<\/p>\n<h4><strong>Coordenadores dos grupos de trabalho membros do \u00d3rgao Coordenador do GER:<\/strong><\/h4>\n<p>Grupo para a comunica\u00e7\u00e3o e internet: Belmira Beltran<br \/>\nGrupo de trabalhos cient\u00edficos: Jo\u00e3o Figueira<br \/>\nGrupo de publica\u00e7\u00f5es cient\u00edficas: Teresa Quint\u00e3o<br \/>\nGrupo de comunica\u00e7\u00e3o com a sociedade civil: Paulo Rosa<br \/>\nGrupo de legisla\u00e7\u00e3o, consentimentos informados e documentos de posi\u00e7\u00e3o do GER: Jo\u00e3o Nascimento[\/vc_column_text][\/vc_column][\/vc_row][vc_row padding_top=&#8221;60&#8243;][vc_column][vc_custom_heading text=&#8221;ESTATUTOS&#8221; use_theme_fonts=&#8221;yes&#8221;][\/vc_column][\/vc_row][vc_row][vc_column width=&#8221;1\/2&#8243;][vc_column_text]<strong>Artigo Primeiro\u00a0<\/strong><br \/>\nDenomina\u00e7\u00e3o, sede e dura\u00e7\u00e3o<br \/>\n&#8212;1\u00a0A associa\u00e7\u00e3o, sem fins lucrativos, adopta a denomina\u00e7\u00e3o &#8220;AOGER \u2014 ASSOCIA\u00c7\u00c3O DE OFTALMOLOGISTAS PARA O ESTUDO DA RETINA&#8221;, e tem a sua sede na Rua de Timor, n\u00famero 20, 3800-007 Aveiro, freguesia da Uni\u00e3o das freguesias de Gl\u00f3ria e Vera Cruz, concelho de Aveiro, e constitui-se por tempo indeterminado.<br \/>\n&#8212;2\u00a0A associa\u00e7\u00e3o tem o n\u00famero de pessoa colectiva 513 322 442;<\/p>\n<p><strong>Artigo Segundo\u00a0<\/strong><br \/>\nFim<br \/>\n&#8212;1\u00a0A associa\u00e7\u00e3o tem como fim contribuir para a melhoria dos cuidados de sa\u00fade na \u00e1rea da patologia v\u00edtreo-retiniana, posicionando-se como grupo de reflex\u00e3o e debate, promo\u00e7\u00e3o e divulga\u00e7\u00e3o na \u00e1rea da retina e v\u00edtreo, tendo como alvos a comunidade oftalmol\u00f3gica, as organiza\u00e7\u00f5es no \u00e2mbito da sa\u00fade, os doentes e associa\u00e7\u00f5es de doentes com patologia v\u00edtreo-retiniana e a comunidade m\u00e9dica nacional.<br \/>\n&#8212;2\u00a0S\u00e3o objectivos da associa\u00e7\u00e3o:<br \/>\n&#8212;a) Promover a actualiza\u00e7\u00e3o cient\u00edfica dos seus membros e da comunidade m\u00e9dica atrav\u00e9s da discuss\u00e3o e partilha de informa\u00e7\u00e3o cient\u00edfica, projectos de investiga\u00e7\u00e3o, elabora\u00e7\u00e3o de publica\u00e7\u00f5es que poder\u00e3o incluir monografias, artigos cient\u00edficos, documentos explicativos, protocolos ou guias de orienta\u00e7\u00e3o clinica na \u00e1rea da retina;<br \/>\n&#8212;b) Promover na Sociedade Nacional e Internacional a \u00e1rea da retina;<br \/>\n&#8212;c Promover a sensibiliza\u00e7\u00e3o das entidades respons\u00e1veis para as necessidades espec\u00edficas da patologia v\u00edtreo-retiniana;<br \/>\n&#8212;d) Promover a colabora\u00e7\u00e3o com o Col\u00e9gio da Especialidade de Oftalmologia e com a SPO (Sociedade Portuguesa de Oftalmologia)<\/p>\n<p><strong>Artigo Terceiro\u00a0<\/strong><br \/>\nReceitas<br \/>\n&#8212;Constituem receitas da associa\u00e7\u00e3o, designadamente:<br \/>\n&#8212;a) A j\u00f3ia de inscri\u00e7\u00e3o;<br \/>\n&#8212;b) O produto das quotiza\u00e7\u00f5es fixadas pela assembleia geral;<br \/>\n&#8212;c) Os rendimentos dos bens pr\u00f3prios da associa\u00e7\u00e3o e as receitas das actividades sociais;<br \/>\n&#8212;d) As liberalidades aceites pela associa\u00e7\u00e3o;<br \/>\n&#8212;e) Os subs\u00eddios que lhe sejam atribu\u00eddos.<\/p>\n<p><strong>Artigo Quarto\u00a0<\/strong><br \/>\n\u00d3rg\u00e3os<br \/>\n&#8212;1. S\u00e3o \u00f3rg\u00e3os da associa\u00e7\u00e3o a assembleia geral, a direc\u00e7\u00e3o e o conselho fiscal;<br \/>\n&#8212;2. O mandato dos titularei dos \u00f3rg\u00e3os \u00e9 de 3 anos.[\/vc_column_text][\/vc_column][vc_column width=&#8221;1\/2&#8243;][vc_column_text]<strong>Artigo Quinto<\/strong><br \/>\nAssembleia geral<br \/>\n&#8212;1. A assembleia geral \u00e9 constitu\u00edda por todos os associados no pleno gozo dos seus direitos;<br \/>\n&#8212;2. A compet\u00eancia da assembleia geral e a forma de funcionamento s\u00e3o estabelecidas no C\u00f3digo Civil, designadamente no artigo 170&#8243;, e nos artigos 172&#8243; a 179\u00b0;<br \/>\n-As convocat\u00f3rias dever\u00e3o ainda ser afixadas na sede social, em local habitual e publicadas na p\u00e1gina web da associa\u00e7\u00e3o, com a anteced\u00eancia m\u00ednima de oito dias, dela constando obrigatoriamente o dia, a hora, o local e a ordem de trabalhos.<br \/>\n&#8212;3. A mesa da assembleia geral \u00e9 composta por tr\u00eas associados, um presidente e dois secret\u00e1rios, competindo-lhe dirigir as reuni\u00f5es da assembleia geral e lavrar as respectivas actas.<\/p>\n<p><strong>Artigo Sexto\u00a0<\/strong><br \/>\nDirec\u00e7\u00e3o<br \/>\n&#8212;1. A Direc\u00e7\u00e3o, eleita em assembleia geral \u00e9 composta por cinco elementos associados: um presidente, um secret\u00e1rio, um tesoureiro, dois vogais.<br \/>\n&#8212;2\u00a0Compete \u00e0 Direc\u00e7\u00e3o a ger\u00eancia social administrativa e financeira da associa\u00e7\u00e3o, e representar a associa\u00e7\u00e3o em ju\u00edzo ou fora dele.<br \/>\n&#8212;3\u00a0A forma do seu funcionamento \u00e9 estabelecida no artigo 1710 do C\u00f3digo Civil.<br \/>\n&#8212;4. A associa\u00e7\u00e3o obriga-se com a interven\u00e7\u00e3o de dois dos membros da Direc\u00e7\u00e3o, um dos quais o Presidente ou o Secret\u00e1rio.<\/p>\n<p><strong>Artigo S\u00e9timo<\/strong><br \/>\nConselho Fiscal<br \/>\n&#8212;1. O conselho fiscal, eleito em assembleia geral, \u00e9 composto por tr\u00eas associados, um presidente e dois secret\u00e1rios;<br \/>\n&#8212;2. Ao conselho fiscal compete fiscalizar os actos administrativos e financeiros da direc\u00e7\u00e3o, fiscalizar as suas contas e relat\u00f3rios e dar parecer sobre os actos que impliquem aumento das despesas ou diminui\u00e7\u00e3o das receitas;<br \/>\n&#8212;3. A forma de funcionamento \u00e9 a estabelecida no artigo 1710 do C\u00f3digo Civil;<\/p>\n<p><strong>Artigo Oitavo\u00a0<\/strong><br \/>\nAdmiss\u00e3o e exclus\u00e3o<br \/>\n&#8212; As condi\u00e7\u00f5es de admiss\u00e3o e exclus\u00e3o dos associados, suas categorias, direitos e obriga\u00e7\u00f5es, constar\u00e3o de regulamento a aprovar pela assembleia geral.<\/p>\n<p><strong>Artigo Nono<\/strong><br \/>\nExtin\u00e7\u00e3o e Destino dos bens<br \/>\nExtinta a associa\u00e7\u00e3o, o destino dos bens que integrem o patrim\u00f3nio social, que n\u00e3o estejam afectados a fim determinado e que n\u00e3o lhe tenham sido doados ou deixados com algum encargo, ser\u00e1 objecto de delibera\u00e7\u00e3o dos associados.[\/vc_column_text][\/vc_column][\/vc_row]<\/p>\n<\/section>","protected":false},"excerpt":{"rendered":"<p>[vc_row][vc_column][\/vc_column][\/vc_row][vc_row header_feature=&#8221;yes&#8221; equal_column_height=&#8221;middle-content&#8221; padding_bottom=&#8221;60&#8243; padding_top=&#8221;120&#8243;][vc_column tablet_sm_width=&#8221;1&#8243;][vc_custom_heading text=&#8221;GER &#8211; GRUPO DE ESTUDOS DA RETINA&#8221; font_container=&#8221;tag:h4|text_align:left&#8221; use_theme_fonts=&#8221;yes&#8221;][vc_custom_heading text=&#8221;\u00d3RG\u00c3OS DIRECTIVOS DO GER&#8221; use_theme_fonts=&#8221;yes&#8221;][\/vc_column][\/vc_row][vc_row bg_type=&#8221;color&#8221; bg_color=&#8221;#f7f7f7&#8243; margin_bottom=&#8221;0&#8243; padding_top=&#8221;30&#8243;][vc_column width=&#8221;1\/2&#8243; tablet_sm_width=&#8221;1&#8243;][vc_column_text] Dire\u00e7\u00e3o: Presidente: Jo\u00e3o Pereira Figueira Secret\u00e1rio: Jo\u00e3o Nascimento Secret\u00e1ria Adjunta: Maria Jo\u00e3o Furtado Tesoureiro:\u00a0Jo\u00e3o Pedro Marques 1\u00ba Vogal: Manuel Falc\u00e3o 2\u00ba Vogal: In\u00eas Leal[\/vc_column_text][\/vc_column][vc_column width=&#8221;1\/2&#8243; tablet_sm_width=&#8221;1-2&#8243;][vc_column_text] Mesa da Assembleia [&hellip;]<\/p>\n","protected":false},"author":1,"featured_media":0,"parent":0,"menu_order":0,"comment_status":"closed","ping_status":"closed","template":"","meta":{"footnotes":""},"class_list":["post-7644","page","type-page","status-publish","hentry"],"_links":{"self":[{"href":"https:\/\/www.ger-portugal.com\/index.php?rest_route=\/wp\/v2\/pages\/7644","targetHints":{"allow":["GET"]}}],"collection":[{"href":"https:\/\/www.ger-portugal.com\/index.php?rest_route=\/wp\/v2\/pages"}],"about":[{"href":"https:\/\/www.ger-portugal.com\/index.php?rest_route=\/wp\/v2\/types\/page"}],"author":[{"embeddable":true,"href":"https:\/\/www.ger-portugal.com\/index.php?rest_route=\/wp\/v2\/users\/1"}],"replies":[{"embeddable":true,"href":"https:\/\/www.ger-portugal.com\/index.php?rest_route=%2Fwp%2Fv2%2Fcomments&post=7644"}],"version-history":[{"count":21,"href":"https:\/\/www.ger-portugal.com\/index.php?rest_route=\/wp\/v2\/pages\/7644\/revisions"}],"predecessor-version":[{"id":12333,"href":"https:\/\/www.ger-portugal.com\/index.php?rest_route=\/wp\/v2\/pages\/7644\/revisions\/12333"}],"wp:attachment":[{"href":"https:\/\/www.ger-portugal.com\/index.php?rest_route=%2Fwp%2Fv2%2Fmedia&parent=7644"}],"curies":[{"name":"wp","href":"https:\/\/api.w.org\/{rel}","templated":true}]}}