{"id":8603,"date":"2016-01-26T07:51:57","date_gmt":"2016-01-26T07:51:57","guid":{"rendered":"http:\/\/teste.ger-portugal.com\/index.php\/about-us-ii\/"},"modified":"2023-01-23T19:13:40","modified_gmt":"2023-01-23T19:13:40","slug":"especialista","status":"publish","type":"page","link":"https:\/\/www.ger-portugal.com\/?page_id=8603","title":{"rendered":"ESPECIALISTA DA RETINA"},"content":{"rendered":"<section class=\"wpb-content-wrapper\"><p>[vc_row header_feature=&#8221;yes&#8221;][vc_column]\n\t\t\t<!-- START especialista REVOLUTION SLIDER 6.6.5 --><p class=\"rs-p-wp-fix\"><\/p>\n\t\t\t<rs-module-wrap id=\"rev_slider_8_1_wrapper\" data-source=\"gallery\" style=\"visibility:hidden;background:transparent;padding:0;margin:0px auto;margin-top:0;margin-bottom:0;\">\n\t\t\t\t<rs-module id=\"rev_slider_8_1\" style=\"\" data-version=\"6.6.5\">\n\t\t\t\t\t<rs-slides style=\"overflow: hidden; position: absolute;\">\n\t\t\t\t\t\t<rs-slide style=\"position: absolute;\" data-key=\"rs-12\" data-title=\"Slide\" data-in=\"o:0;\" data-out=\"a:false;\">\n\t\t\t\t\t\t\t<img decoding=\"async\" src=\"\/\/www.ger-portugal.com\/wp-content\/plugins\/revslider\/public\/assets\/assets\/dummy.png\" alt=\"\" title=\"especialista\" width=\"1200\" height=\"419\" class=\"rev-slidebg tp-rs-img rs-lazyload\" data-lazyload=\"\/\/www.ger-portugal.com\/wp-content\/uploads\/2023\/01\/especialista.png\" data-no-retina>\n<!---->\t\t\t\t\t\t<\/rs-slide>\n\t\t\t\t\t<\/rs-slides>\n\t\t\t\t<\/rs-module>\n\t\t\t\t<script>\n\t\t\t\t\tsetREVStartSize({c: 'rev_slider_8_1',rl:[1240,1024,778,480],el:[319],gw:[1200],gh:[319],type:'standard',justify:'',layout:'fullwidth',mh:\"0\"});if (window.RS_MODULES!==undefined && window.RS_MODULES.modules!==undefined && window.RS_MODULES.modules[\"revslider81\"]!==undefined) {window.RS_MODULES.modules[\"revslider81\"].once = false;window.revapi8 = undefined;if (window.RS_MODULES.checkMinimal!==undefined) window.RS_MODULES.checkMinimal()}\n\t\t\t\t<\/script>\n\t\t\t<\/rs-module-wrap>\n\t\t\t<!-- END REVOLUTION SLIDER -->\n[\/vc_column][\/vc_row][vc_row header_feature=&#8221;yes&#8221; padding_top=&#8221;140&#8243; padding_bottom=&#8221;140&#8243; margin_bottom=&#8221;0&#8243;][vc_column width=&#8221;1\/4&#8243;]<div class=\"grve-element grve-box-icon grve-align-center grve-medium grve-animated-item grve-fadeInUp\" style=\"\" data-delay=\"400\">  <div class=\"grve-wrapper-icon grve-no-shape grve-text-grey\"><i class=\"smp-icon-eye grve-text-black\"><\/i><\/div>  <div class=\"grve-box-content\">      <h3 class=\"grve-box-title grve-h6\">O QUE \u00c9 UM ESPECIALISTA DA RETINA?<\/h3>  <\/div><\/div>[\/vc_column][vc_column width=&#8221;3\/4&#8243;][vc_column_text]<\/p>\n<h3>Um especialista da retina \u00e9 um m\u00e9dico oftalmologista que tem uma diferencia\u00e7\u00e3o no estudo e tratamento de doen\u00e7as da retina.<\/h3>\n<p>[\/vc_column_text][\/vc_column][\/vc_row][vc_row heading_color=&#8221;light&#8221; disable_element=&#8221;yes&#8221; bg_type=&#8221;color&#8221; font_color=&#8221;#732121&#8243; bg_color=&#8221;#fa4949&#8243; padding_top=&#8221;140&#8243; padding_bottom=&#8221;140&#8243; margin_bottom=&#8221;0&#8243;][vc_column width=&#8221;1\/3&#8243;]<h3 class=\"grve-element grve-title grve-align-left grve-animated-item grve-fadeInDown grve-h1\" style=\"margin-bottom: 0px;\" data-delay=\"200\"><span style=\"font-size: 180%; line-height: 1.120em;\">1<\/span><\/h3><div class=\"grve-element grve-slogan grve-align-left grve-animated-item grve-fadeInUp\" style=\"\" data-delay=\"400\"><div class=\"grve-subtitle\">OUR PHILOSOPHY<\/div><h2 class=\"grve-slogan-title grve-align-left grve-h2\"><span>SHARING EXCELLENCE<\/span><\/h2>  <p class=\"\">You\u2019re looking for answers, would like to solve a problem, or just want to let us know how we did.<\/p><\/div>[\/vc_column][vc_column width=&#8221;1\/3&#8243;]<h3 class=\"grve-element grve-title grve-align-left grve-animated-item grve-fadeInDown grve-h1\" style=\"margin-bottom: 0px;\" data-delay=\"600\"><span style=\"font-size: 180%; line-height: 1.120em;\">2<\/span><\/h3><div class=\"grve-element grve-slogan grve-align-left grve-animated-item grve-fadeInUp\" style=\"\" data-delay=\"800\"><div class=\"grve-subtitle\">OUR SCOPE<\/div><h2 class=\"grve-slogan-title grve-align-left grve-h2\"><span>BUSINESS JUMPSTART<\/span><\/h2>  <p class=\"\">You\u2019re looking for answers, would like to solve a problem, or just want to let us know how we did.<\/p><\/div>[\/vc_column][vc_column width=&#8221;1\/3&#8243;]<h3 class=\"grve-element grve-title grve-align-left grve-animated-item grve-fadeInDown grve-h1\" style=\"margin-bottom: 0px;\" data-delay=\"1000\"><span style=\"font-size: 180%; line-height: 1.120em;\">3<\/span><\/h3><div class=\"grve-element grve-slogan grve-align-left grve-animated-item grve-fadeInUp\" style=\"\" data-delay=\"1200\"><div class=\"grve-subtitle\">OUR HONESTY<\/div><h2 class=\"grve-slogan-title grve-align-left grve-h2\"><span>PROBLEM SOLVERS<\/span><\/h2>  <p class=\"\">You\u2019re looking for answers, would like to solve a problem, or just want to let us know how we did.<\/p><\/div>[\/vc_column][\/vc_row][vc_row][vc_column][vc_custom_heading text=&#8221;UM ESPECIALISTA PERTO DE SI&#8221; use_theme_fonts=&#8221;yes&#8221;][vc_column_text][listing_layout_faceted_grid][\/vc_column_text][\/vc_column][\/vc_row]<\/p>\n<\/section>","protected":false},"excerpt":{"rendered":"<p>[vc_row header_feature=&#8221;yes&#8221;][vc_column][\/vc_column][\/vc_row][vc_row header_feature=&#8221;yes&#8221; padding_top=&#8221;140&#8243; padding_bottom=&#8221;140&#8243; margin_bottom=&#8221;0&#8243;][vc_column width=&#8221;1\/4&#8243;][\/vc_column][vc_column width=&#8221;3\/4&#8243;][vc_column_text] Um especialista da retina \u00e9 um m\u00e9dico oftalmologista que tem uma diferencia\u00e7\u00e3o no estudo e tratamento de doen\u00e7as da retina. [\/vc_column_text][\/vc_column][\/vc_row][vc_row heading_color=&#8221;light&#8221; disable_element=&#8221;yes&#8221; bg_type=&#8221;color&#8221; font_color=&#8221;#732121&#8243; bg_color=&#8221;#fa4949&#8243; padding_top=&#8221;140&#8243; padding_bottom=&#8221;140&#8243; margin_bottom=&#8221;0&#8243;][vc_column width=&#8221;1\/3&#8243;][\/vc_column][vc_column width=&#8221;1\/3&#8243;][\/vc_column][vc_column width=&#8221;1\/3&#8243;][\/vc_column][\/vc_row][vc_row][vc_column][vc_custom_heading text=&#8221;UM ESPECIALISTA PERTO DE SI&#8221; use_theme_fonts=&#8221;yes&#8221;][vc_column_text][listing_layout_faceted_grid][\/vc_column_text][\/vc_column][\/vc_row]<\/p>\n","protected":false},"author":1,"featured_media":0,"parent":0,"menu_order":0,"comment_status":"closed","ping_status":"closed","template":"","meta":{"footnotes":""},"class_list":["post-8603","page","type-page","status-publish","hentry"],"_links":{"self":[{"href":"https:\/\/www.ger-portugal.com\/index.php?rest_route=\/wp\/v2\/pages\/8603","targetHints":{"allow":["GET"]}}],"collection":[{"href":"https:\/\/www.ger-portugal.com\/index.php?rest_route=\/wp\/v2\/pages"}],"about":[{"href":"https:\/\/www.ger-portugal.com\/index.php?rest_route=\/wp\/v2\/types\/page"}],"author":[{"embeddable":true,"href":"https:\/\/www.ger-portugal.com\/index.php?rest_route=\/wp\/v2\/users\/1"}],"replies":[{"embeddable":true,"href":"https:\/\/www.ger-portugal.com\/index.php?rest_route=%2Fwp%2Fv2%2Fcomments&post=8603"}],"version-history":[{"count":23,"href":"https:\/\/www.ger-portugal.com\/index.php?rest_route=\/wp\/v2\/pages\/8603\/revisions"}],"predecessor-version":[{"id":11997,"href":"https:\/\/www.ger-portugal.com\/index.php?rest_route=\/wp\/v2\/pages\/8603\/revisions\/11997"}],"wp:attachment":[{"href":"https:\/\/www.ger-portugal.com\/index.php?rest_route=%2Fwp%2Fv2%2Fmedia&parent=8603"}],"curies":[{"name":"wp","href":"https:\/\/api.w.org\/{rel}","templated":true}]}}